{"id":255,"date":"2022-12-07T08:10:11","date_gmt":"2022-12-07T08:10:11","guid":{"rendered":"https:\/\/csodavolgy.hu\/?page_id=255"},"modified":"2023-05-22T20:53:30","modified_gmt":"2023-05-22T20:53:30","slug":"kornyek","status":"publish","type":"page","link":"https:\/\/csodavolgy.hu\/?page_id=255","title":{"rendered":"K\u00f6rny\u00e9k"},"content":{"rendered":"\n<p>Mes\u00e9s k\u00f6rnyezet a Heves-Borsodi Dombs\u00e1g t\u00f6v\u00e9ben egy erd\u0151sz\u00e9li v\u00f6lgyben, Telekes-v\u00f6lgyben, amely Kissik\u00e1tor k\u00fclter\u00fclet\u00e9n tal\u00e1lhat\u00f3.<\/p>\n\n\n\n<p>Kissik\u00e1tor Borsod megyei \u00e9kszerdoboz 300 lakos\u00e1val, m\u0171eml\u00e9k k\u00f6rtemplom\u00e1val, helyt\u00f6rt\u00e9neti gy\u0171jtem\u00e9ny\u00e9vel \u00e9s a helyi Siki P\u00e9ks\u00e9g finoms\u00e1gaival, ahol vas\u00e1rnap kiv\u00e9tel\u00e9vel minden nap kaphat\u00f3ak helyben k\u00e9sz\u00fclt finoms\u00e1gok.<\/p>\n\n\n\n<p>5 kilom\u00e9terre tal\u00e1lhat\u00f3 a Hangonyi Horg\u00e1szt\u00f3, ahol egy friss viz\u0171 forr\u00e1s \u00e9s ny\u00e1ron \u00fczemel\u0151 kalandpark is tal\u00e1lhat\u00f3.<\/p>\n\n\n\n<p>A v\u00f6lgy erd\u0151iben kir\u00e1ndul\u00e1si \u00e9s gomb\u00e1z\u00e1si lehet\u0151s\u00e9g is van, a Csodav\u00f6lgy ter\u00fclet\u00e9n pedig t\u00f6bbf\u00e9le sportol\u00e1si lehet\u0151s\u00e9g.<\/p>\n\n\n\n<h5 class=\"wp-block-heading\"><br><strong>Kissik\u00e1tor<\/strong><\/h5>\n\n\n\n<p>&#8211; \u00c1rp\u00e1d-kori m\u0171eml\u00e9k k\u00f6rtemplom &#8211; Trianoni eml\u00e9km\u0171 &#8211; N\u00e9prajzi Helyt\u00f6rt\u00e9neti Gy\u0171jtem\u00e9ny &#8211; Siki P\u00e9ks\u00e9g<\/p>\n\n\n\n<h5 class=\"wp-block-heading\"><strong>Szilv\u00e1sv\u00e1rad<\/strong><\/h5>\n\n\n\n<p>&#8211; Szalajka-v\u00f6lgy &#8211; F\u00e1tyol-v\u00edzes\u00e9s<\/p>\n\n\n\n<h5 class=\"wp-block-heading\"><strong>Domah\u00e1za<\/strong><\/h5>\n\n\n\n<p>&#8211; M\u0171eml\u00e9k Templom Feszti Masa festm\u00e9nyeivel<\/p>\n\n\n\n<h5 class=\"wp-block-heading\"><strong>\u00d3zd<\/strong><\/h5>\n\n\n\n<p>&#8211; Nemzeti Filmt\u00f6rt\u00e9neti- \u00e9s \u00c9lm\u00e9nypark &#8211; V\u00e1rosi Strandf\u00fcrd\u0151<\/p>\n\n\n\n<h5 class=\"wp-block-heading\"><strong>Hangonyi t\u00f3<\/strong><\/h5>\n\n\n\n<p>&#8211; Kalandpark<\/p>\n\n\n\n<h5 class=\"wp-block-heading\"><strong>B\u00fckksz\u00e9k<\/strong><\/h5>\n\n\n\n<p>&#8211; Salvus Gy\u00f3gyf\u00fcrd\u0151<\/p>\n\n\n\n<figure class=\"wp-block-image size-large\"><img decoding=\"async\" loading=\"lazy\" width=\"1024\" height=\"576\" src=\"https:\/\/csodavolgy.hu\/wp-content\/uploads\/2023\/05\/287742253_1198100120950332_4177177613249339706_n-1-1024x576.jpg\" alt=\"\" class=\"wp-image-818\" srcset=\"https:\/\/csodavolgy.hu\/wp-content\/uploads\/2023\/05\/287742253_1198100120950332_4177177613249339706_n-1-1024x576.jpg 1024w, https:\/\/csodavolgy.hu\/wp-content\/uploads\/2023\/05\/287742253_1198100120950332_4177177613249339706_n-1-300x169.jpg 300w, https:\/\/csodavolgy.hu\/wp-content\/uploads\/2023\/05\/287742253_1198100120950332_4177177613249339706_n-1-768x432.jpg 768w, https:\/\/csodavolgy.hu\/wp-content\/uploads\/2023\/05\/287742253_1198100120950332_4177177613249339706_n-1-1536x864.jpg 1536w, https:\/\/csodavolgy.hu\/wp-content\/uploads\/2023\/05\/287742253_1198100120950332_4177177613249339706_n-1-267x150.jpg 267w, https:\/\/csodavolgy.hu\/wp-content\/uploads\/2023\/05\/287742253_1198100120950332_4177177613249339706_n-1-142x80.jpg 142w, https:\/\/csodavolgy.hu\/wp-content\/uploads\/2023\/05\/287742253_1198100120950332_4177177613249339706_n-1-394x222.jpg 394w, https:\/\/csodavolgy.hu\/wp-content\/uploads\/2023\/05\/287742253_1198100120950332_4177177613249339706_n-1-915x515.jpg 915w, https:\/\/csodavolgy.hu\/wp-content\/uploads\/2023\/05\/287742253_1198100120950332_4177177613249339706_n-1-1240x698.jpg 1240w, https:\/\/csodavolgy.hu\/wp-content\/uploads\/2023\/05\/287742253_1198100120950332_4177177613249339706_n-1-1920x1080.jpg 1920w, https:\/\/csodavolgy.hu\/wp-content\/uploads\/2023\/05\/287742253_1198100120950332_4177177613249339706_n-1.jpg 2048w\" sizes=\"(max-width: 1024px) 100vw, 1024px\" \/><\/figure>\n","protected":false},"excerpt":{"rendered":"<p>Mes\u00e9s k\u00f6rnyezet a Heves-Borsodi Dombs\u00e1g t\u00f6v\u00e9ben egy erd\u0151sz\u00e9li v\u00f6lgyben, Telekes-v\u00f6lgyben, amely Kissik\u00e1tor k\u00fclter\u00fclet\u00e9n tal\u00e1lhat\u00f3. Kissik\u00e1tor Borsod megyei \u00e9kszerdoboz 300 lakos\u00e1val, m\u0171eml\u00e9k k\u00f6rtemplom\u00e1val, helyt\u00f6rt\u00e9neti gy\u0171jtem\u00e9ny\u00e9vel \u00e9s a helyi Siki P\u00e9ks\u00e9g finoms\u00e1gaival, ahol vas\u00e1rnap kiv\u00e9tel\u00e9vel minden nap kaphat\u00f3ak helyben k\u00e9sz\u00fclt finoms\u00e1gok. 5 &hellip; <a href=\"https:\/\/csodavolgy.hu\/?page_id=255\">Read More<\/a><\/p>\n","protected":false},"author":1,"featured_media":0,"parent":0,"menu_order":11,"comment_status":"closed","ping_status":"closed","template":"","meta":{"ngg_post_thumbnail":0},"_links":{"self":[{"href":"https:\/\/csodavolgy.hu\/index.php?rest_route=\/wp\/v2\/pages\/255"}],"collection":[{"href":"https:\/\/csodavolgy.hu\/index.php?rest_route=\/wp\/v2\/pages"}],"about":[{"href":"https:\/\/csodavolgy.hu\/index.php?rest_route=\/wp\/v2\/types\/page"}],"author":[{"embeddable":true,"href":"https:\/\/csodavolgy.hu\/index.php?rest_route=\/wp\/v2\/users\/1"}],"replies":[{"embeddable":true,"href":"https:\/\/csodavolgy.hu\/index.php?rest_route=%2Fwp%2Fv2%2Fcomments&post=255"}],"version-history":[{"count":6,"href":"https:\/\/csodavolgy.hu\/index.php?rest_route=\/wp\/v2\/pages\/255\/revisions"}],"predecessor-version":[{"id":821,"href":"https:\/\/csodavolgy.hu\/index.php?rest_route=\/wp\/v2\/pages\/255\/revisions\/821"}],"wp:attachment":[{"href":"https:\/\/csodavolgy.hu\/index.php?rest_route=%2Fwp%2Fv2%2Fmedia&parent=255"}],"curies":[{"name":"wp","href":"https:\/\/api.w.org\/{rel}","templated":true}]}}