{"id":257,"date":"2022-12-07T08:10:40","date_gmt":"2022-12-07T08:10:40","guid":{"rendered":"https:\/\/csodavolgy.hu\/?page_id=257"},"modified":"2026-03-08T13:11:19","modified_gmt":"2026-03-08T13:11:19","slug":"araink","status":"publish","type":"page","link":"https:\/\/csodavolgy.hu\/?page_id=257","title":{"rendered":"\u00c1raink"},"content":{"rendered":"\n<p class=\"has-medium-font-size\"><strong>Apartman<\/strong><\/p>\n\n\n\n<p><\/p>\n\n\n\n<p>Egy apartman \u00e1ra \u00e9jszak\u00e1nk\u00e9nt legal\u00e1bb&nbsp;<strong>2 \u00e9jszaka<\/strong>&nbsp;b\u00e9rl\u00e9se eset\u00e9n: 45 000 Ft f\u00fcggetlen\u00fcl az ottalv\u00f3k sz\u00e1m\u00e1t\u00f3l.<\/p>\n\n\n\n<p>Szeptember 1-t\u0151l j\u00fanius 15-ig&nbsp;<strong>h\u00e9tk\u00f6znapokon<\/strong>&nbsp;legal\u00e1bb 2 \u00e9jszaka foglal\u00e1sa eset\u00e9n 10% kedvezm\u00e9nyt adunk. Ezeken a h\u00e9tk\u00f6znapokon egy apartman b\u00e9rl\u00e9se eset\u00e9n is tudunk kiz\u00e1r\u00f3lagoss\u00e1got biztos\u00edtani.&nbsp;<\/p>\n\n\n\n<p>Az apartmanok\u00a0<strong>egy<\/strong>\u00a0\u00e9jszak\u00e1ra h\u00e9tk\u00f6znapokon fel\u00e1r fizet\u00e9s\u00e9vel b\u00e9relhet\u0151ek, melynek \u00f6sszege 5000 Ft\/apartman, teh\u00e1t egy \u00e9jszak\u00e1ra 50 000 Ft egy \u00e9jszak\u00e1ra egy apartman.<br><br>\u00dcnnepnapokon \u00e9s h\u00e9tv\u00e9g\u00e9ken egy\u00e9jszak\u00e1s foglal\u00e1s csak a k\u00f6z\u00f6ss\u00e9gi terem b\u00e9rl\u00e9s\u00e9vel (70 000 Ft) egy\u00fctt lehets\u00e9ges.<br>Rendezv\u00e9ny eset\u00e9n a rendezv\u00e9nytermet b\u00e9relve fel\u00e1r n\u00e9lk\u00fcl biztos\u00edtjuk az apartmanokat egy \u00e9jszaka eset\u00e9n is.<br><br>Hossz\u00fa\u00a0h\u00e9tv\u00e9g\u00e9ken \u00e9s kiemelt \u00fcnnepeken (h\u00fasv\u00e9t, p\u00fcnk\u00f6sd, kar\u00e1csony \u00e9s szilveszter) a foglal\u00e1s minimum\u00a0<strong>3 \u00e9jszak\u00e1ra<\/strong>\u00a0lehets\u00e9ges.\u00a0<\/p>\n\n\n\n<p>Az \u00e1r mag\u00e1ban foglalja a korl\u00e1tlan wellnesshaszn\u00e1latot (jakuzzi, d\u00e9zsa, szauna), fabek\u00e9sz\u00edt\u00e9st \u00e9s szobai bek\u00e9sz\u00edt\u00e9seket (k\u00e1v\u00e9kapszula-, tea-, bor-, f\u00fcrd\u0151szobai bek\u00e9sz\u00edt\u00e9s).<br>Idegenforgalmi ad\u00f3 nincs a faluban.<\/p>\n\n\n\n<h2 class=\"wp-block-heading\">***<\/h2>\n\n\n\n<p><strong>Csodav\u00f6lgy Rendezv\u00e9nyterem<\/strong><\/p>\n\n\n\n<p><strong>70 000 forint\/nap<\/strong>&nbsp;teljes felszerel\u00e9ssel \u00e9s wellnesshaszn\u00e1lattal. 1 \u00e9jszak\u00e1s tart\u00f3zkod\u00e1s eset\u00e9n az apartmanok 45 000 forintos \u00e1r\u00e1n t\u00fal ez az \u00f6sszeg fizetend\u0151. H\u00e9tv\u00e9g\u00e9n \u00e9s \u00fcnnepnapokon a rendezv\u00e9nyterem az apartmanok n\u00e9lk\u00fcl nem foglalhat\u00f3.<\/p>\n\n\n\n<p>Nagyobb rendezv\u00e9nyek eset\u00e9n, amikor a termet illetve a teraszt nem csak az apartmanokban megsz\u00e1ll\u00f3 vend\u00e9geink haszn\u00e1lj\u00e1k, ugyan\u00fagy a 70 000 forintos teremb\u00e9rlet fizetend\u0151.&nbsp;<\/p>\n\n\n\n<p><strong>Esk\u00fcv\u0151k<\/strong>&nbsp;eset\u00e9n teljes h\u00e9tv\u00e9g\u00e9re, teh\u00e1t min. k\u00e9t \u00e9jszak\u00e1ra b\u00e9relhet\u0151 a Csodav\u00f6lgy. Ebben az esetben a teljes h\u00e9tv\u00e9ge 340 000 Ft.&nbsp;<\/p>\n\n\n\n<p>Amennyiben egy t\u00e1rsas\u00e1g b\u00e9rli az apartmanokat minimum k\u00e9t \u00e9jszak\u00e1ra, \u00e9s sz\u00fcks\u00e9g\u00fck van a teremre mint k\u00f6z\u00f6ss\u00e9gi t\u00e9rre maximum 25 f\u0151 r\u00e9sz\u00e9re, akkor a terem haszn\u00e1lata&nbsp;<strong>25 000 forint<\/strong>&nbsp;az ottart\u00f3zkod\u00e1s teljes idej\u00e9re. K\u00e9t apartman b\u00e9rl\u00e9se eset\u00e9n, vagyis t\u00f6bb mint 6 f\u0151 vend\u00e9gn\u00e9l mindenk\u00e9pp javasoljuk a terem b\u00e9rl\u00e9s\u00e9t is.&nbsp;<\/p>\n\n\n\n<h2 class=\"wp-block-heading\">***<\/h2>\n\n\n\n<p>A sz\u00e1ll\u00e1s elfoglal\u00e1sa 15 \u00f3r\u00e1t\u00f3l lehets\u00e9ges, t\u00e1voz\u00e1s napj\u00e1n pedig 10 \u00f3r\u00e1ig kell elhagyni a sz\u00e1ll\u00e1st. K\u00e9s\u0151bbi t\u00e1voz\u00e1sra vagy kor\u00e1bbi \u00e9rkez\u00e9sre val\u00f3 ig\u00e9ny\u00e9t k\u00e9rj\u00fck jelezze, ennek teljes\u00edt\u00e9se a foglalts\u00e1gt\u00f3l f\u00fcgg, \u00e9s az \u00e9rkez\u00e9s el\u0151tt 3 nappal tudjuk pontos\u00edtani.<\/p>\n\n\n\n<p><strong>Fizet\u00e9si \u00e9s lemond\u00e1si felt\u00e9telek<\/strong><\/p>\n\n\n\n<p><em>A foglal\u00e1s 30% el\u0151leg befizet\u00e9se ut\u00e1n \u00e9rv\u00e9nyes az al\u00e1bbi sz\u00e1mlasz\u00e1mra:<br>Kedvezm\u00e9nyezett: Ravencars Kft. OTP Bank&nbsp;<\/em>11739009-23932285-00000000<\/p>\n\n\n\n<p>A sz\u00e1ll\u00e1sfoglal\u00e1st \u00edr\u00e1sban (e-mail) lehet lemondani az al\u00e1bbi felt\u00e9telekkel:<br>Ha a lemond\u00e1s<br>4 h\u00e9ttel az \u00e9rkez\u00e9s el\u0151tti, akkor visszaj\u00e1r a foglal\u00e1si d\u00edj 70 %-a,<br>3 h\u00e9ttel az \u00e9rkez\u00e9s el\u0151tti, akkor visszaj\u00e1r a foglal\u00e1si d\u00edj 50 %-a,<br>A 2, azaz kett\u0151 h\u00e9ten bel\u00fcli lemond\u00e1s eset\u00e9n az el\u0151leg nem j\u00e1r vissza.&nbsp;<\/p>\n\n\n\n<h2 class=\"wp-block-heading\">***<\/h2>\n\n\n\n<p><\/p>\n\n\n\n<p><\/p>\n","protected":false},"excerpt":{"rendered":"<p>Apartman Egy apartman \u00e1ra \u00e9jszak\u00e1nk\u00e9nt legal\u00e1bb&nbsp;2 \u00e9jszaka&nbsp;b\u00e9rl\u00e9se eset\u00e9n: 45 000 Ft f\u00fcggetlen\u00fcl az ottalv\u00f3k sz\u00e1m\u00e1t\u00f3l. Szeptember 1-t\u0151l j\u00fanius 15-ig&nbsp;h\u00e9tk\u00f6znapokon&nbsp;legal\u00e1bb 2 \u00e9jszaka foglal\u00e1sa eset\u00e9n 10% kedvezm\u00e9nyt adunk. Ezeken a h\u00e9tk\u00f6znapokon egy apartman b\u00e9rl\u00e9se eset\u00e9n is tudunk kiz\u00e1r\u00f3lagoss\u00e1got biztos\u00edtani.&nbsp; Az apartmanok\u00a0egy\u00a0\u00e9jszak\u00e1ra h\u00e9tk\u00f6znapokon &hellip; <a href=\"https:\/\/csodavolgy.hu\/?page_id=257\">Read More<\/a><\/p>\n","protected":false},"author":1,"featured_media":0,"parent":0,"menu_order":5,"comment_status":"closed","ping_status":"closed","template":"","meta":{"ngg_post_thumbnail":0},"_links":{"self":[{"href":"https:\/\/csodavolgy.hu\/index.php?rest_route=\/wp\/v2\/pages\/257"}],"collection":[{"href":"https:\/\/csodavolgy.hu\/index.php?rest_route=\/wp\/v2\/pages"}],"about":[{"href":"https:\/\/csodavolgy.hu\/index.php?rest_route=\/wp\/v2\/types\/page"}],"author":[{"embeddable":true,"href":"https:\/\/csodavolgy.hu\/index.php?rest_route=\/wp\/v2\/users\/1"}],"replies":[{"embeddable":true,"href":"https:\/\/csodavolgy.hu\/index.php?rest_route=%2Fwp%2Fv2%2Fcomments&post=257"}],"version-history":[{"count":37,"href":"https:\/\/csodavolgy.hu\/index.php?rest_route=\/wp\/v2\/pages\/257\/revisions"}],"predecessor-version":[{"id":1005,"href":"https:\/\/csodavolgy.hu\/index.php?rest_route=\/wp\/v2\/pages\/257\/revisions\/1005"}],"wp:attachment":[{"href":"https:\/\/csodavolgy.hu\/index.php?rest_route=%2Fwp%2Fv2%2Fmedia&parent=257"}],"curies":[{"name":"wp","href":"https:\/\/api.w.org\/{rel}","templated":true}]}}