{"id":278,"date":"2022-12-07T08:53:27","date_gmt":"2022-12-07T08:53:27","guid":{"rendered":"https:\/\/csodavolgy.hu\/?page_id=278"},"modified":"2026-03-08T18:43:52","modified_gmt":"2026-03-08T18:43:52","slug":"rendezvenyterem","status":"publish","type":"page","link":"https:\/\/csodavolgy.hu\/?page_id=278","title":{"rendered":"Rendezv\u00e9nyterem"},"content":{"rendered":"\n<p>Mit ny\u00fajtunk m\u00e9g az apartmanok mellett? <\/p>\n\n\n\n<figure class=\"wp-block-image size-large\"><img decoding=\"async\" loading=\"lazy\" width=\"1024\" height=\"576\" src=\"https:\/\/csodavolgy.hu\/wp-content\/uploads\/2022\/12\/rendezvenyterem-diszitessel-1024x576.jpg\" alt=\"\" class=\"wp-image-411\" srcset=\"https:\/\/csodavolgy.hu\/wp-content\/uploads\/2022\/12\/rendezvenyterem-diszitessel-1024x576.jpg 1024w, https:\/\/csodavolgy.hu\/wp-content\/uploads\/2022\/12\/rendezvenyterem-diszitessel-300x169.jpg 300w, https:\/\/csodavolgy.hu\/wp-content\/uploads\/2022\/12\/rendezvenyterem-diszitessel-768x432.jpg 768w, https:\/\/csodavolgy.hu\/wp-content\/uploads\/2022\/12\/rendezvenyterem-diszitessel-1536x864.jpg 1536w, https:\/\/csodavolgy.hu\/wp-content\/uploads\/2022\/12\/rendezvenyterem-diszitessel-2048x1152.jpg 2048w, https:\/\/csodavolgy.hu\/wp-content\/uploads\/2022\/12\/rendezvenyterem-diszitessel-267x150.jpg 267w, https:\/\/csodavolgy.hu\/wp-content\/uploads\/2022\/12\/rendezvenyterem-diszitessel-142x80.jpg 142w, https:\/\/csodavolgy.hu\/wp-content\/uploads\/2022\/12\/rendezvenyterem-diszitessel-394x222.jpg 394w, https:\/\/csodavolgy.hu\/wp-content\/uploads\/2022\/12\/rendezvenyterem-diszitessel-915x515.jpg 915w, https:\/\/csodavolgy.hu\/wp-content\/uploads\/2022\/12\/rendezvenyterem-diszitessel-1240x698.jpg 1240w, https:\/\/csodavolgy.hu\/wp-content\/uploads\/2022\/12\/rendezvenyterem-diszitessel-1920x1080.jpg 1920w\" sizes=\"(max-width: 1024px) 100vw, 1024px\" \/><\/figure>\n\n\n\n<p>Keresztel\u0151, sz\u00fclet\u00e9snap, esk\u00fcv\u0151, ballag\u00e1s, diplomaoszt\u00f3 vagy bar\u00e1ti egy\u00fcttl\u00e9t? Ide\u00e1lisabb helyet nem is tal\u00e1lhatsz! Itt nincsenek szomsz\u00e9dok, b\u00e1rmeddig tarthat a buli, \u00e9s akik maradn\u00e1nak, az apartmanokban \u00e9jszak\u00e1zhatnak, 20 f\u0151 is k\u00e9nyelmesen elf\u00e9r. A rendezv\u00e9nyterem \u00f6n\u00e1ll\u00f3an is b\u00e9relhet\u0151, ha pedig az apartmanokban legal\u00e1bb k\u00e9t \u00e9jszak\u00e1t t\u00f6lt\u0151 vend\u00e9geink szeretn\u00e9k ig\u00e9nybe venni, kedvezm\u00e9nyes \u00e1ron megkaphatj\u00e1k.<\/p>\n\n\n\n<p>60 f\u0151re is ide\u00e1lis, klimatiz\u00e1lt rendezv\u00e9nyterm\u00fcnkben sz\u00e9kek, asztalok, \u00f3ri\u00e1s smart t\u00e9v\u00e9, f\u00e9rfi, n\u0151i mosd\u00f3 van, illetve kapcso\u00f3dik hozz\u00e1 egy konyha mosogat\u00f3g\u00e9ppel, mos\u00f3g\u00e9ppel \u00e9s teljes felszerel\u00e9s \u00e9tkez\u00e9shez, \u00fcnnepl\u00e9shez.<\/p>\n\n\n\n<p>A felszerel\u00e9s r\u00e9sze: 60 f\u0151 r\u00e9sz\u00e9re 3 f\u00e9le t\u00e1ny\u00e9r, ev\u0151eszk\u00f6z\u00f6k, leveses \u00e9s h\u00fasos t\u00e1lak, szed\u0151kanalak, kenyeres kosarak, kancs\u00f3k \u00e9s savany\u00fas\u00e1gos t\u00e1ny\u00e9rok, valamint szint\u00e9n 60 f\u0151 r\u00e9sz\u00e9re, p\u00e1link\u00e1s, boros \u00e9s \u00fcd\u00edt\u0151s poharak, k\u00e1v\u00e9s cs\u00e9sz\u00e9k. A konyh\u00e1ban k\u00e9tt\u00e1lc\u00e1s mosogat\u00f3, mosogat\u00f3g\u00e9p, h\u0171t\u0151, g\u00e1zt\u0171zhely \u00e9s mikrohull\u00e1m\u00fa s\u00fct\u0151 is a felszerel\u00e9s r\u00e9sze.<\/p>\n\n\n\n<p>A f\u0171t\u00e9s illetve h\u0171t\u00e9s a rendezv\u00e9nyteremben is elektromos.<\/p>\n\n\n\n<figure class=\"wp-block-image size-full\"><img decoding=\"async\" loading=\"lazy\" width=\"640\" height=\"360\" src=\"https:\/\/csodavolgy.hu\/wp-content\/uploads\/2026\/03\/kozossegi-terem.jpg\" alt=\"\" class=\"wp-image-1010\" srcset=\"https:\/\/csodavolgy.hu\/wp-content\/uploads\/2026\/03\/kozossegi-terem.jpg 640w, https:\/\/csodavolgy.hu\/wp-content\/uploads\/2026\/03\/kozossegi-terem-300x169.jpg 300w, https:\/\/csodavolgy.hu\/wp-content\/uploads\/2026\/03\/kozossegi-terem-267x150.jpg 267w, https:\/\/csodavolgy.hu\/wp-content\/uploads\/2026\/03\/kozossegi-terem-142x80.jpg 142w, https:\/\/csodavolgy.hu\/wp-content\/uploads\/2026\/03\/kozossegi-terem-394x222.jpg 394w\" sizes=\"(max-width: 640px) 100vw, 640px\" \/><figcaption class=\"wp-element-caption\">default<\/figcaption><\/figure>\n\n\n\n<figure class=\"wp-block-image size-large is-resized\"><img decoding=\"async\" loading=\"lazy\" src=\"https:\/\/csodavolgy.hu\/wp-content\/uploads\/2023\/05\/20210825_140931-1024x461.jpg\" alt=\"\" class=\"wp-image-826\" width=\"643\" height=\"289\" srcset=\"https:\/\/csodavolgy.hu\/wp-content\/uploads\/2023\/05\/20210825_140931-1024x461.jpg 1024w, https:\/\/csodavolgy.hu\/wp-content\/uploads\/2023\/05\/20210825_140931-300x135.jpg 300w, https:\/\/csodavolgy.hu\/wp-content\/uploads\/2023\/05\/20210825_140931-768x346.jpg 768w, https:\/\/csodavolgy.hu\/wp-content\/uploads\/2023\/05\/20210825_140931-1536x692.jpg 1536w, https:\/\/csodavolgy.hu\/wp-content\/uploads\/2023\/05\/20210825_140931-2048x922.jpg 2048w, https:\/\/csodavolgy.hu\/wp-content\/uploads\/2023\/05\/20210825_140931-333x150.jpg 333w, https:\/\/csodavolgy.hu\/wp-content\/uploads\/2023\/05\/20210825_140931-178x80.jpg 178w, https:\/\/csodavolgy.hu\/wp-content\/uploads\/2023\/05\/20210825_140931-394x177.jpg 394w, https:\/\/csodavolgy.hu\/wp-content\/uploads\/2023\/05\/20210825_140931-915x412.jpg 915w, https:\/\/csodavolgy.hu\/wp-content\/uploads\/2023\/05\/20210825_140931-1240x558.jpg 1240w, https:\/\/csodavolgy.hu\/wp-content\/uploads\/2023\/05\/20210825_140931-1920x865.jpg 1920w\" sizes=\"(max-width: 643px) 100vw, 643px\" \/><\/figure>\n","protected":false},"excerpt":{"rendered":"<p>Mit ny\u00fajtunk m\u00e9g az apartmanok mellett? Keresztel\u0151, sz\u00fclet\u00e9snap, esk\u00fcv\u0151, ballag\u00e1s, diplomaoszt\u00f3 vagy bar\u00e1ti egy\u00fcttl\u00e9t? Ide\u00e1lisabb helyet nem is tal\u00e1lhatsz! Itt nincsenek szomsz\u00e9dok, b\u00e1rmeddig tarthat a buli, \u00e9s akik maradn\u00e1nak, az apartmanokban \u00e9jszak\u00e1zhatnak, 20 f\u0151 is k\u00e9nyelmesen elf\u00e9r. A rendezv\u00e9nyterem \u00f6n\u00e1ll\u00f3an &hellip; <a href=\"https:\/\/csodavolgy.hu\/?page_id=278\">Read More<\/a><\/p>\n","protected":false},"author":1,"featured_media":0,"parent":0,"menu_order":13,"comment_status":"closed","ping_status":"closed","template":"","meta":{"ngg_post_thumbnail":0},"_links":{"self":[{"href":"https:\/\/csodavolgy.hu\/index.php?rest_route=\/wp\/v2\/pages\/278"}],"collection":[{"href":"https:\/\/csodavolgy.hu\/index.php?rest_route=\/wp\/v2\/pages"}],"about":[{"href":"https:\/\/csodavolgy.hu\/index.php?rest_route=\/wp\/v2\/types\/page"}],"author":[{"embeddable":true,"href":"https:\/\/csodavolgy.hu\/index.php?rest_route=\/wp\/v2\/users\/1"}],"replies":[{"embeddable":true,"href":"https:\/\/csodavolgy.hu\/index.php?rest_route=%2Fwp%2Fv2%2Fcomments&post=278"}],"version-history":[{"count":9,"href":"https:\/\/csodavolgy.hu\/index.php?rest_route=\/wp\/v2\/pages\/278\/revisions"}],"predecessor-version":[{"id":1011,"href":"https:\/\/csodavolgy.hu\/index.php?rest_route=\/wp\/v2\/pages\/278\/revisions\/1011"}],"wp:attachment":[{"href":"https:\/\/csodavolgy.hu\/index.php?rest_route=%2Fwp%2Fv2%2Fmedia&parent=278"}],"curies":[{"name":"wp","href":"https:\/\/api.w.org\/{rel}","templated":true}]}}