{"id":284,"date":"2022-12-07T08:55:32","date_gmt":"2022-12-07T08:55:32","guid":{"rendered":"https:\/\/csodavolgy.hu\/?page_id=284"},"modified":"2024-09-19T23:27:17","modified_gmt":"2024-09-19T23:27:17","slug":"szolgaltatasok","status":"publish","type":"page","link":"https:\/\/csodavolgy.hu\/?page_id=284","title":{"rendered":"Szolg\u00e1ltat\u00e1sok"},"content":{"rendered":"\n<p><strong>A-t\u00f3l Z-ig&nbsp;&nbsp;&nbsp;&nbsp;&nbsp;&nbsp;&nbsp;&nbsp;&nbsp;&nbsp;&nbsp;&nbsp;&nbsp;&nbsp;&nbsp;&nbsp;&nbsp;&nbsp;&nbsp;&nbsp;&nbsp;&nbsp;&nbsp;&nbsp;&nbsp;&nbsp;&nbsp;&nbsp;&nbsp;&nbsp;&nbsp;&nbsp;&nbsp; <\/strong><\/p>\n\n\n\n<ul>\n<li>\u00c1gynem\u0171csere: heti egyszer, k\u00fcl\u00f6n k\u00e9r\u00e9sre az \u00e1gynem\u0171 cser\u00e9je fel\u00e1r ellen\u00e9ben ig\u00e9nyelhet\u0151 a sz\u00e1ll\u00e1sad\u00f3n\u00e1l<\/li>\n\n\n\n<li>Asztaltenisz az udvaron. \u00dct\u0151k \u00e9s labda a Sz\u00e1ll\u00e1sad\u00f3n\u00e1l d\u00edjmentesen ig\u00e9nyelhet\u0151<\/li>\n\n\n\n<li>Baba\u00e1gy a Sz\u00e1ll\u00e1sad\u00f3n\u00e1l d\u00edjmentesen ig\u00e9nyelhet\u0151<\/li>\n\n\n\n<li>Bankk\u00e1rtya, hitelk\u00e1rtya \u00e9s Sz\u00e9p K\u00e1rtya elfogad\u00e1s<\/li>\n\n\n\n<li>Bejelentkez\u00e9s: 15 \u00f3r\u00e1t\u00f3l<\/li>\n\n\n\n<li>Borbek\u00e9sz\u00edt\u00e9s az apartmanban<\/li>\n\n\n\n<li>Cip\u0151kan\u00e1l \u00e9s cip\u0151tiszt\u00edt\u00f3 a f\u00fcrd\u0151szobaszekr\u00e9nyben<\/li>\n\n\n\n<li>Csocs\u00f3asztal a Sz\u00e1ll\u00e1sad\u00f3n\u00e1l d\u00edjmentesen ig\u00e9nyelhet\u0151<\/li>\n\n\n\n<li>D\u00e9zsaf\u00fcrd\u0151: haszn\u00e1lata d\u00edjmentes az apartman vend\u00e9geinek<\/li>\n\n\n\n<li>Eserny\u0151 a Sz\u00e1ll\u00e1sad\u00f3n\u00e1l d\u00edjmentesen ig\u00e9nyelhet\u0151<\/li>\n\n\n\n<li>Etet\u0151sz\u00e9k a Sz\u00e1ll\u00e1sad\u00f3n\u00e1l d\u00edjmentesen ig\u00e9nyelhet\u0151<\/li>\n\n\n\n<li>Fizet\u0151eszk\u00f6z\u00f6k<strong>:<\/strong>&nbsp;k\u00e9szp\u00e9nz, bankk\u00e1rtya, hitelk\u00e1rtya, sz\u00e9p k\u00e1rtya, \u00e1tutal\u00e1s (egyedi esetekben)<\/li>\n\n\n\n<li>Fogkefe \u00e9s fogkr\u00e9m a f\u00fcrd\u0151szobaszekr\u00e9nyben tal\u00e1lhat\u00f3<\/li>\n\n\n\n<li>Futballp\u00e1lya. Labda d\u00edjmentesen ig\u00e9nyelhet\u0151 a Sz\u00e1ll\u00e1sad\u00f3n\u00e1l.<\/li>\n\n\n\n<li>F\u0171t\u00e9s: Az apartmanokban h\u0151szivatty\u00fas h\u0171t\u00e9s \u00e9s f\u0171t\u00e9s van, mely t\u00e1vir\u00e1ny\u00edt\u00f3val szab\u00e1lyozhat\u00f3. K\u00e9rj\u00fck, a h\u0171t\u00e9st kapcsolja ki, ha nem tart\u00f3zkodik az apartmanban.<\/li>\n\n\n\n<li>Hajsz\u00e1r\u00edt\u00f3 a f\u00fcrd\u0151szobaszekr\u00e9nyben<\/li>\n\n\n\n<li>H\u00e1zi\u00e1llat: az apartmanokba nem vihet\u0151 be<\/li>\n\n\n\n<li>Inform\u00e1ci\u00f3s anyagok a k\u00f6rny\u00e9kr\u0151l a nappaliban tal\u00e1lhat\u00f3ak<\/li>\n\n\n\n<li>Internet hozz\u00e1f\u00e9r\u00e9s: ingyenes WiFi a sz\u00e1ll\u00e1s ter\u00fclet\u00e9n<br>Wifi n\u00e9v: Csodavolgy\u00ad\u00ad\u00ad\u00ad_apartmanok<\/li>\n\n\n\n<li>Gyerekj\u00e1t\u00e9kok a Sz\u00e1ll\u00e1sad\u00f3t\u00f3l k\u00e9rhet\u0151k<\/li>\n\n\n\n<li>\u00cdr\u00f3eszk\u00f6z, jegyzetf\u00fczet<strong>:<\/strong> a Sz\u00e1ll\u00e1sad\u00f3n\u00e1l ig\u00e9nyelhet\u0151<\/li>\n\n\n\n<li>Kert, nagy z\u00f6ldter\u00fclet futballp\u00e1ly\u00e1val, fedett terasszal \u00e9s szalonnas\u00fct\u0151vel<\/li>\n\n\n\n<li>Kijelentkez\u00e9s: t\u00e1voz\u00e1s napj\u00e1n 10:00 \u00f3r\u00e1ig<\/li>\n\n\n\n<li>Kisp\u00e1rna \u00e9s plusztakar\u00f3 a Sz\u00e1ll\u00e1sad\u00f3n\u00e1l d\u00edjmentesen ig\u00e9nyelhet\u0151 &nbsp;<\/li>\n\n\n\n<li>Klimatiz\u00e1lt szob\u00e1k<\/li>\n\n\n\n<li>K\u00f6rnyezetv\u00e9delem: V\u00e9dj\u00fck egy\u00fctt k\u00f6rnyezet\u00fcnket! K\u00e9rj\u00fck csak annyi \u00e1ramot, h\u0151energi\u00e1t, vizet haszn\u00e1ljon, amennyi komfort\u00e9rzet\u00e9hez sz\u00fcks\u00e9ges. T\u00f6r\u00f6lk\u00f6z\u0151je cser\u00e9j\u00e9t akkor k\u00e9rje, ha az sz\u00fcks\u00e9ges. A sz\u00e1ll\u00e1s szelekt\u00edven gy\u0171jti a szemetet. K\u00e9rj\u00fck a PET palackokat, \u00fcvegeket tegye k\u00fcl\u00f6n a konyh\u00e1ban a szemetes mellett elhelyezett zs\u00e1kba. &nbsp;<\/li>\n<\/ul>\n\n\n\n<ul>\n<li>K\u00f6r\u00f6mreszel\u0151 az Apartmanban&nbsp;&nbsp;&nbsp;&nbsp;&nbsp;&nbsp;&nbsp;&nbsp;&nbsp;&nbsp;&nbsp;&nbsp;&nbsp;&nbsp;&nbsp;&nbsp;&nbsp;&nbsp;&nbsp;&nbsp;&nbsp;&nbsp;&nbsp;&nbsp;&nbsp;&nbsp;&nbsp;&nbsp;&nbsp;&nbsp;&nbsp;&nbsp;&nbsp;&nbsp;&nbsp;&nbsp;&nbsp;&nbsp;&nbsp;&nbsp;&nbsp;&nbsp;&nbsp;&nbsp;&nbsp;&nbsp;&nbsp;&nbsp;&nbsp;&nbsp;&nbsp;&nbsp;&nbsp;&nbsp;&nbsp;&nbsp;&nbsp;&nbsp;&nbsp;&nbsp;&nbsp;&nbsp;&nbsp;&nbsp;&nbsp;&nbsp;&nbsp;&nbsp;&nbsp;&nbsp;&nbsp;&nbsp;&nbsp;&nbsp;&nbsp; &nbsp;&nbsp;&nbsp;&nbsp;&nbsp;&nbsp;&nbsp;&nbsp;&nbsp;&nbsp;&nbsp;&nbsp;&nbsp;&nbsp;&nbsp;&nbsp;&nbsp;&nbsp;&nbsp;&nbsp;&nbsp;&nbsp;&nbsp;&nbsp;&nbsp;&nbsp;&nbsp;&nbsp;&nbsp;<\/li>\n\n\n\n<li>Mos\u00e1s:t\u00e9r\u00edt\u00e9s ellen\u00e9ben ig\u00e9nybe vehet\u0151 szolg\u00e1ltat\u00e1s, ig\u00e9ny\u00e9t jelezze a Sz\u00e1ll\u00e1sad\u00f3n\u00e1l<\/li>\n\n\n\n<li>Pap\u00edrzsebkend\u0151 az apartmanban<\/li>\n\n\n\n<li>Papucs d\u00edjmentesen ig\u00e9nyelhet\u0151 a Sz\u00e1ll\u00e1sad\u00f3n\u00e1l<\/li>\n\n\n\n<li>Parkol\u00e1s a Sz\u00e1ll\u00e1s kapubej\u00e1rat\u00e1t\u00f3l balra a k\u00f6ves ter\u00fcleten ingyenesen lehets\u00e9ges.<\/li>\n\n\n\n<li>Plusz takar\u00f3 d\u00edjmentesen ig\u00e9nyelhet\u0151 a Sz\u00e1ll\u00e1sad\u00f3n\u00e1l<\/li>\n\n\n\n<li>Szalonnas\u00fct\u0151 \u00e9s grillez\u00e9si lehet\u0151s\u00e9g az udvaron, fabek\u00e9sz\u00edt\u00e9s 1000 forint fel\u00e1r ellen\u00e9ben a Sz\u00e1ll\u00e1sad\u00f3n\u00e1l ig\u00e9nyelhet\u0151<\/li>\n\n\n\n<li>Szaunah\u00e1z: 4 f\u0151 r\u00e9sz\u00e9re ide\u00e1lis finn szauna d\u00edjmentesen haszn\u00e1lhat\u00f3 a vend\u00e9geknek<\/li>\n\n\n\n<li>Sz\u00e9p K\u00e1rtya elfogad\u00e1s<\/li>\n\n\n\n<li>Terasz: 100 nm-es fedett terasz tartozik apartmanjainkhoz<\/li>\n\n\n\n<li>T\u00e9rk\u00e9p: interneten el\u00e9rhet\u0151<\/li>\n\n\n\n<li>Tiszt\u00e1lkod\u00f3 szerek, tusf\u00fcrd\u0151, fogkefe, fogkr\u00e9m, test\u00e1pol\u00f3, zuhanysapka a f\u00fcrd\u0151szob\u00e1ban tal\u00e1lhat\u00f3.<\/li>\n\n\n\n<li>T\u00f6rl\u0151kend\u0151 (nedves) az Apartmanban<\/li>\n\n\n\n<li>T\u00f6r\u00f6lk\u00f6z\u0151 cser\u00e9je hetente, ig\u00e9ny eset\u00e9n gyakoribb csere is lehets\u00e9ges fel\u00e1r ellen\u00e9ben<\/li>\n\n\n\n<li>TV programv\u00e1laszt\u00e9k: a szob\u00e1ban olvashat\u00f3 a TV csatorna list\u00e1n, 120 csatorna<\/li>\n\n\n\n<li>TV m\u0171sor inform\u00e1ci\u00f3 a TV-ben<\/li>\n\n\n\n<li>Varr\u00f3k\u00e9szlet az apartmanban<\/li>\n\n\n\n<li>Vasal\u00f3deszka \u00e9s vasal\u00f3 a Sz\u00e1ll\u00e1sad\u00f3t\u00f3l d\u00edjmentesen ig\u00e9nyelhet\u0151<\/li>\n\n\n\n<li>Zuhanyz\u00f3 \u00e9s WC minden apartmanban<\/li>\n<\/ul>\n\n\n\n<p>&nbsp;&nbsp;&nbsp;&nbsp;&nbsp;&nbsp; Kapcsolat:<br>&nbsp;&nbsp;&nbsp;&nbsp;&nbsp;&nbsp; Holl\u00f3n\u00e9 Kocsik Judit<br>&nbsp;&nbsp;&nbsp;&nbsp;&nbsp;&nbsp; +36 70&nbsp;619 4512<\/p>\n","protected":false},"excerpt":{"rendered":"<p>A-t\u00f3l Z-ig&nbsp;&nbsp;&nbsp;&nbsp;&nbsp;&nbsp;&nbsp;&nbsp;&nbsp;&nbsp;&nbsp;&nbsp;&nbsp;&nbsp;&nbsp;&nbsp;&nbsp;&nbsp;&nbsp;&nbsp;&nbsp;&nbsp;&nbsp;&nbsp;&nbsp;&nbsp;&nbsp;&nbsp;&nbsp;&nbsp;&nbsp;&nbsp;&nbsp; &nbsp;&nbsp;&nbsp;&nbsp;&nbsp;&nbsp; Kapcsolat:&nbsp;&nbsp;&nbsp;&nbsp;&nbsp;&nbsp; Holl\u00f3n\u00e9 Kocsik Judit&nbsp;&nbsp;&nbsp;&nbsp;&nbsp;&nbsp; +36 70&nbsp;619 4512<\/p>\n","protected":false},"author":1,"featured_media":0,"parent":0,"menu_order":16,"comment_status":"closed","ping_status":"closed","template":"","meta":{"ngg_post_thumbnail":0},"_links":{"self":[{"href":"https:\/\/csodavolgy.hu\/index.php?rest_route=\/wp\/v2\/pages\/284"}],"collection":[{"href":"https:\/\/csodavolgy.hu\/index.php?rest_route=\/wp\/v2\/pages"}],"about":[{"href":"https:\/\/csodavolgy.hu\/index.php?rest_route=\/wp\/v2\/types\/page"}],"author":[{"embeddable":true,"href":"https:\/\/csodavolgy.hu\/index.php?rest_route=\/wp\/v2\/users\/1"}],"replies":[{"embeddable":true,"href":"https:\/\/csodavolgy.hu\/index.php?rest_route=%2Fwp%2Fv2%2Fcomments&post=284"}],"version-history":[{"count":9,"href":"https:\/\/csodavolgy.hu\/index.php?rest_route=\/wp\/v2\/pages\/284\/revisions"}],"predecessor-version":[{"id":981,"href":"https:\/\/csodavolgy.hu\/index.php?rest_route=\/wp\/v2\/pages\/284\/revisions\/981"}],"wp:attachment":[{"href":"https:\/\/csodavolgy.hu\/index.php?rest_route=%2Fwp%2Fv2%2Fmedia&parent=284"}],"curies":[{"name":"wp","href":"https:\/\/api.w.org\/{rel}","templated":true}]}}