{"id":477,"date":"2023-02-23T00:04:07","date_gmt":"2023-02-23T00:04:07","guid":{"rendered":"https:\/\/csodavolgy.hu\/?page_id=477"},"modified":"2026-01-20T22:49:07","modified_gmt":"2026-01-20T22:49:07","slug":"leiras","status":"publish","type":"page","link":"https:\/\/csodavolgy.hu\/?page_id=477","title":{"rendered":"Le\u00edr\u00e1s"},"content":{"rendered":"\n<p>\u00daj \u00e9p\u00edt\u00e9s\u0171 apartmanh\u00e1zunk 3 k\u00fcl\u00f6n bej\u00e1rat\u00fa, m\u00e9retre \u00e9s berendez\u00e9sre is azonos apartmanb\u00f3l \u00e1ll.<\/p>\n\n\n\n<p>Teljesen felszerelt h\u0171t\u0151-f\u0171t\u0151 h\u0151szivatty\u00fas rendszerrel rendelkez\u0151 apartmanjaink 4-6 f\u0151 befogad\u00e1s\u00e1ra alkalmasak, 2-2 szob\u00e1val, amerikaikonyh\u00e1s nappalival \u00e9s f\u00fcrd\u0151szob\u00e1val rendelkeznek.<\/p>\n\n\n\n<p>Wifi \u00e9s 120 t\u00e9v\u00e9csatorn\u00e1val rendelkez\u0151 okost\u00e9v\u00e9 seg\u00edti a kikapcsol\u00f3d\u00e1st. Az apartmanok konyh\u00e1i indukci\u00f3s f\u0151z\u0151lappal, mikrohull\u00e1m\u00fa s\u00fct\u0151vel, fagyaszt\u00f3s h\u0171t\u0151vel, keny\u00e9rpir\u00edt\u00f3val, melegszendvics-s\u00fct\u0151vel, v\u00edzforral\u00f3val, kapszul\u00e1s k\u00e1v\u00e9f\u0151z\u0151vel, k\u00e1v\u00e9- \u00e9s teabek\u00e9sz\u00edt\u00e9ssel, ed\u00e9nyekkel v\u00e1rj\u00e1k vend\u00e9geinket. <\/p>\n\n\n\n<p>A nappali r\u00e9szben asztalok sz\u00e9kekkel \u00e9s k\u00e9nyelmes kanap\u00e9 \u00e1ll rendelkez\u00e9sre.<\/p>\n\n\n\n<p>Zuhanyz\u00f3s f\u00fcrd\u0151szob\u00e1nkban tusf\u00fcrd\u0151-, test\u00e1pol\u00f3bek\u00e9sz\u00edt\u00e9s, foly\u00e9kony szappan, hajsz\u00e1r\u00edt\u00f3, t\u00f6r\u00f6lk\u00f6z\u0151k \u00e9s kozmetikai szett v\u00e1rja vend\u00e9geinket. A wellnesshez k\u00fcl\u00f6n t\u00f6r\u00f6lk\u00f6z\u0151t biztos\u00edtunk, ig\u00e9ny szerint k\u00f6nt\u00f6s \u00e9s papucs is rendelkez\u00e9sre \u00e1ll korl\u00e1tozott sz\u00e1mban. <\/p>\n\n\n\n<p>Hatalmas udvar\u00e1n j\u00e1tsz\u00f3t\u00e9r (hinta, m\u00e1sz\u00f3ka \u00e9s cs\u00fazda) focip\u00e1lya, \u00f3ri\u00e1strambulin, pinpong- \u00e9s csocs\u00f3asztal asztal seg\u00edti a kikapcsol\u00f3d\u00e1st, j\u00f3 id\u0151 eset\u00e9n szalonnas\u00fct\u00e9sre \u00e9s grillez\u00e9sre is van lehet\u0151s\u00e9g ig\u00e9ny szerint fabek\u00e9sz\u00edt\u00e9ssel.<\/p>\n\n\n\n<p>B\u00fcszkes\u00e9g\u00fcnk a wellneszr\u00e9szleg, ahol egy akrild\u00e9zsa, egy pr\u00e9mium jakuzzi \u00e9s egy szaunah\u00e1z seg\u00edti a kikapcsol\u00f3d\u00e1st. <\/p>\n\n\n\n<figure class=\"wp-block-image size-large\"><img decoding=\"async\" loading=\"lazy\" width=\"1024\" height=\"578\" src=\"https:\/\/csodavolgy.hu\/wp-content\/uploads\/2022\/12\/apartmanok-haloszoba-1024x578.jpg\" alt=\"\" class=\"wp-image-388\" srcset=\"https:\/\/csodavolgy.hu\/wp-content\/uploads\/2022\/12\/apartmanok-haloszoba-1024x578.jpg 1024w, https:\/\/csodavolgy.hu\/wp-content\/uploads\/2022\/12\/apartmanok-haloszoba-300x169.jpg 300w, https:\/\/csodavolgy.hu\/wp-content\/uploads\/2022\/12\/apartmanok-haloszoba-768x434.jpg 768w, https:\/\/csodavolgy.hu\/wp-content\/uploads\/2022\/12\/apartmanok-haloszoba-1536x867.jpg 1536w, https:\/\/csodavolgy.hu\/wp-content\/uploads\/2022\/12\/apartmanok-haloszoba-2048x1156.jpg 2048w, https:\/\/csodavolgy.hu\/wp-content\/uploads\/2022\/12\/apartmanok-haloszoba-266x150.jpg 266w, https:\/\/csodavolgy.hu\/wp-content\/uploads\/2022\/12\/apartmanok-haloszoba-142x80.jpg 142w, https:\/\/csodavolgy.hu\/wp-content\/uploads\/2022\/12\/apartmanok-haloszoba-394x222.jpg 394w, https:\/\/csodavolgy.hu\/wp-content\/uploads\/2022\/12\/apartmanok-haloszoba-915x517.jpg 915w, https:\/\/csodavolgy.hu\/wp-content\/uploads\/2022\/12\/apartmanok-haloszoba-1240x700.jpg 1240w, https:\/\/csodavolgy.hu\/wp-content\/uploads\/2022\/12\/apartmanok-haloszoba-1913x1080.jpg 1913w\" sizes=\"(max-width: 1024px) 100vw, 1024px\" \/><\/figure>\n\n\n\n<figure class=\"wp-block-image size-large\"><img decoding=\"async\" loading=\"lazy\" width=\"1024\" height=\"576\" src=\"https:\/\/csodavolgy.hu\/wp-content\/uploads\/2023\/05\/287261703_3219631911655259_9094674846808776861_n-1024x576.jpg\" alt=\"\" class=\"wp-image-788\" srcset=\"https:\/\/csodavolgy.hu\/wp-content\/uploads\/2023\/05\/287261703_3219631911655259_9094674846808776861_n-1024x576.jpg 1024w, https:\/\/csodavolgy.hu\/wp-content\/uploads\/2023\/05\/287261703_3219631911655259_9094674846808776861_n-300x169.jpg 300w, https:\/\/csodavolgy.hu\/wp-content\/uploads\/2023\/05\/287261703_3219631911655259_9094674846808776861_n-768x432.jpg 768w, https:\/\/csodavolgy.hu\/wp-content\/uploads\/2023\/05\/287261703_3219631911655259_9094674846808776861_n-1536x864.jpg 1536w, https:\/\/csodavolgy.hu\/wp-content\/uploads\/2023\/05\/287261703_3219631911655259_9094674846808776861_n-267x150.jpg 267w, https:\/\/csodavolgy.hu\/wp-content\/uploads\/2023\/05\/287261703_3219631911655259_9094674846808776861_n-142x80.jpg 142w, https:\/\/csodavolgy.hu\/wp-content\/uploads\/2023\/05\/287261703_3219631911655259_9094674846808776861_n-394x222.jpg 394w, https:\/\/csodavolgy.hu\/wp-content\/uploads\/2023\/05\/287261703_3219631911655259_9094674846808776861_n-915x515.jpg 915w, https:\/\/csodavolgy.hu\/wp-content\/uploads\/2023\/05\/287261703_3219631911655259_9094674846808776861_n-1240x698.jpg 1240w, https:\/\/csodavolgy.hu\/wp-content\/uploads\/2023\/05\/287261703_3219631911655259_9094674846808776861_n-1920x1080.jpg 1920w, https:\/\/csodavolgy.hu\/wp-content\/uploads\/2023\/05\/287261703_3219631911655259_9094674846808776861_n.jpg 2016w\" sizes=\"(max-width: 1024px) 100vw, 1024px\" \/><\/figure>\n\n\n\n<figure class=\"wp-block-image size-large\"><img decoding=\"async\" loading=\"lazy\" width=\"1024\" height=\"953\" src=\"https:\/\/csodavolgy.hu\/wp-content\/uploads\/2023\/05\/297896094_846915480000746_11595219447444016-1024x953.jpg\" alt=\"\" class=\"wp-image-794\" srcset=\"https:\/\/csodavolgy.hu\/wp-content\/uploads\/2023\/05\/297896094_846915480000746_11595219447444016-1024x953.jpg 1024w, https:\/\/csodavolgy.hu\/wp-content\/uploads\/2023\/05\/297896094_846915480000746_11595219447444016-300x279.jpg 300w, https:\/\/csodavolgy.hu\/wp-content\/uploads\/2023\/05\/297896094_846915480000746_11595219447444016-768x715.jpg 768w, https:\/\/csodavolgy.hu\/wp-content\/uploads\/2023\/05\/297896094_846915480000746_11595219447444016-161x150.jpg 161w, https:\/\/csodavolgy.hu\/wp-content\/uploads\/2023\/05\/297896094_846915480000746_11595219447444016-86x80.jpg 86w, https:\/\/csodavolgy.hu\/wp-content\/uploads\/2023\/05\/297896094_846915480000746_11595219447444016-326x303.jpg 326w, https:\/\/csodavolgy.hu\/wp-content\/uploads\/2023\/05\/297896094_846915480000746_11595219447444016-752x700.jpg 752w, https:\/\/csodavolgy.hu\/wp-content\/uploads\/2023\/05\/297896094_846915480000746_11595219447444016-1021x950.jpg 1021w, https:\/\/csodavolgy.hu\/wp-content\/uploads\/2023\/05\/297896094_846915480000746_11595219447444016-1161x1080.jpg 1161w, https:\/\/csodavolgy.hu\/wp-content\/uploads\/2023\/05\/297896094_846915480000746_11595219447444016.jpg 1382w\" sizes=\"(max-width: 1024px) 100vw, 1024px\" \/><\/figure>\n\n\n\n<figure class=\"wp-block-image size-large is-resized\"><img decoding=\"async\" loading=\"lazy\" src=\"https:\/\/csodavolgy.hu\/wp-content\/uploads\/2023\/05\/287293801_590053799461416_5919550800581402156_n-1024x768.jpg\" alt=\"\" class=\"wp-image-796\" width=\"841\" height=\"631\" srcset=\"https:\/\/csodavolgy.hu\/wp-content\/uploads\/2023\/05\/287293801_590053799461416_5919550800581402156_n-1024x768.jpg 1024w, https:\/\/csodavolgy.hu\/wp-content\/uploads\/2023\/05\/287293801_590053799461416_5919550800581402156_n-300x225.jpg 300w, https:\/\/csodavolgy.hu\/wp-content\/uploads\/2023\/05\/287293801_590053799461416_5919550800581402156_n-768x576.jpg 768w, https:\/\/csodavolgy.hu\/wp-content\/uploads\/2023\/05\/287293801_590053799461416_5919550800581402156_n-1536x1152.jpg 1536w, https:\/\/csodavolgy.hu\/wp-content\/uploads\/2023\/05\/287293801_590053799461416_5919550800581402156_n-200x150.jpg 200w, https:\/\/csodavolgy.hu\/wp-content\/uploads\/2023\/05\/287293801_590053799461416_5919550800581402156_n-107x80.jpg 107w, https:\/\/csodavolgy.hu\/wp-content\/uploads\/2023\/05\/287293801_590053799461416_5919550800581402156_n-394x295.jpg 394w, https:\/\/csodavolgy.hu\/wp-content\/uploads\/2023\/05\/287293801_590053799461416_5919550800581402156_n-915x686.jpg 915w, https:\/\/csodavolgy.hu\/wp-content\/uploads\/2023\/05\/287293801_590053799461416_5919550800581402156_n-1240x930.jpg 1240w, https:\/\/csodavolgy.hu\/wp-content\/uploads\/2023\/05\/287293801_590053799461416_5919550800581402156_n-1440x1080.jpg 1440w, https:\/\/csodavolgy.hu\/wp-content\/uploads\/2023\/05\/287293801_590053799461416_5919550800581402156_n.jpg 1739w\" sizes=\"(max-width: 841px) 100vw, 841px\" \/><\/figure>\n\n\n\n<figure class=\"wp-block-image size-large\"><img decoding=\"async\" loading=\"lazy\" width=\"1024\" height=\"577\" src=\"https:\/\/csodavolgy.hu\/wp-content\/uploads\/2026\/01\/20230611_190832-1024x577.jpg\" alt=\"\" class=\"wp-image-998\" srcset=\"https:\/\/csodavolgy.hu\/wp-content\/uploads\/2026\/01\/20230611_190832-1024x577.jpg 1024w, https:\/\/csodavolgy.hu\/wp-content\/uploads\/2026\/01\/20230611_190832-300x169.jpg 300w, https:\/\/csodavolgy.hu\/wp-content\/uploads\/2026\/01\/20230611_190832-768x432.jpg 768w, https:\/\/csodavolgy.hu\/wp-content\/uploads\/2026\/01\/20230611_190832-1536x865.jpg 1536w, https:\/\/csodavolgy.hu\/wp-content\/uploads\/2026\/01\/20230611_190832-2048x1153.jpg 2048w, https:\/\/csodavolgy.hu\/wp-content\/uploads\/2026\/01\/20230611_190832-266x150.jpg 266w, https:\/\/csodavolgy.hu\/wp-content\/uploads\/2026\/01\/20230611_190832-142x80.jpg 142w, https:\/\/csodavolgy.hu\/wp-content\/uploads\/2026\/01\/20230611_190832-394x222.jpg 394w, https:\/\/csodavolgy.hu\/wp-content\/uploads\/2026\/01\/20230611_190832-915x515.jpg 915w\" sizes=\"(max-width: 1024px) 100vw, 1024px\" \/><\/figure>\n\n\n\n<figure class=\"wp-block-image size-large\"><img decoding=\"async\" loading=\"lazy\" width=\"1024\" height=\"560\" src=\"https:\/\/csodavolgy.hu\/wp-content\/uploads\/2026\/01\/571124362_789248990537934_3923815547671798630_n-1024x560.jpg\" alt=\"\" class=\"wp-image-997\" srcset=\"https:\/\/csodavolgy.hu\/wp-content\/uploads\/2026\/01\/571124362_789248990537934_3923815547671798630_n-1024x560.jpg 1024w, https:\/\/csodavolgy.hu\/wp-content\/uploads\/2026\/01\/571124362_789248990537934_3923815547671798630_n-300x164.jpg 300w, https:\/\/csodavolgy.hu\/wp-content\/uploads\/2026\/01\/571124362_789248990537934_3923815547671798630_n-768x420.jpg 768w, https:\/\/csodavolgy.hu\/wp-content\/uploads\/2026\/01\/571124362_789248990537934_3923815547671798630_n-1536x839.jpg 1536w, https:\/\/csodavolgy.hu\/wp-content\/uploads\/2026\/01\/571124362_789248990537934_3923815547671798630_n-275x150.jpg 275w, https:\/\/csodavolgy.hu\/wp-content\/uploads\/2026\/01\/571124362_789248990537934_3923815547671798630_n-146x80.jpg 146w, https:\/\/csodavolgy.hu\/wp-content\/uploads\/2026\/01\/571124362_789248990537934_3923815547671798630_n-394x215.jpg 394w, https:\/\/csodavolgy.hu\/wp-content\/uploads\/2026\/01\/571124362_789248990537934_3923815547671798630_n-915x500.jpg 915w, https:\/\/csodavolgy.hu\/wp-content\/uploads\/2026\/01\/571124362_789248990537934_3923815547671798630_n-1240x678.jpg 1240w, https:\/\/csodavolgy.hu\/wp-content\/uploads\/2026\/01\/571124362_789248990537934_3923815547671798630_n-1920x1049.jpg 1920w, https:\/\/csodavolgy.hu\/wp-content\/uploads\/2026\/01\/571124362_789248990537934_3923815547671798630_n.jpg 2048w\" sizes=\"(max-width: 1024px) 100vw, 1024px\" \/><\/figure>\n","protected":false},"excerpt":{"rendered":"<p>\u00daj \u00e9p\u00edt\u00e9s\u0171 apartmanh\u00e1zunk 3 k\u00fcl\u00f6n bej\u00e1rat\u00fa, m\u00e9retre \u00e9s berendez\u00e9sre is azonos apartmanb\u00f3l \u00e1ll. Teljesen felszerelt h\u0171t\u0151-f\u0171t\u0151 h\u0151szivatty\u00fas rendszerrel rendelkez\u0151 apartmanjaink 4-6 f\u0151 befogad\u00e1s\u00e1ra alkalmasak, 2-2 szob\u00e1val, amerikaikonyh\u00e1s nappalival \u00e9s f\u00fcrd\u0151szob\u00e1val rendelkeznek. Wifi \u00e9s 120 t\u00e9v\u00e9csatorn\u00e1val rendelkez\u0151 okost\u00e9v\u00e9 seg\u00edti a kikapcsol\u00f3d\u00e1st. &hellip; <a href=\"https:\/\/csodavolgy.hu\/?page_id=477\">Read More<\/a><\/p>\n","protected":false},"author":1,"featured_media":0,"parent":0,"menu_order":12,"comment_status":"closed","ping_status":"closed","template":"","meta":{"ngg_post_thumbnail":0},"_links":{"self":[{"href":"https:\/\/csodavolgy.hu\/index.php?rest_route=\/wp\/v2\/pages\/477"}],"collection":[{"href":"https:\/\/csodavolgy.hu\/index.php?rest_route=\/wp\/v2\/pages"}],"about":[{"href":"https:\/\/csodavolgy.hu\/index.php?rest_route=\/wp\/v2\/types\/page"}],"author":[{"embeddable":true,"href":"https:\/\/csodavolgy.hu\/index.php?rest_route=\/wp\/v2\/users\/1"}],"replies":[{"embeddable":true,"href":"https:\/\/csodavolgy.hu\/index.php?rest_route=%2Fwp%2Fv2%2Fcomments&post=477"}],"version-history":[{"count":13,"href":"https:\/\/csodavolgy.hu\/index.php?rest_route=\/wp\/v2\/pages\/477\/revisions"}],"predecessor-version":[{"id":1000,"href":"https:\/\/csodavolgy.hu\/index.php?rest_route=\/wp\/v2\/pages\/477\/revisions\/1000"}],"wp:attachment":[{"href":"https:\/\/csodavolgy.hu\/index.php?rest_route=%2Fwp%2Fv2%2Fmedia&parent=477"}],"curies":[{"name":"wp","href":"https:\/\/api.w.org\/{rel}","templated":true}]}}